{"id":566,"date":"2024-01-25T09:58:11","date_gmt":"2024-01-25T07:58:11","guid":{"rendered":"https:\/\/muuseumioo.muuseum.ee\/kontakt\/"},"modified":"2026-02-11T15:52:36","modified_gmt":"2026-02-11T13:52:36","slug":"kontakt","status":"publish","type":"page","link":"https:\/\/muuseumioo.muuseum.ee\/ru\/kontakt\/","title":{"rendered":"\u041a\u043e\u043d\u0442\u0430\u043a\u0442"},"content":{"rendered":"<div class=\"wp-block-cover alignfull has-custom-content-position is-position-bottom-left rbc-is-hidden-on-tablet rbc-is-hidden-on-mobile\" style=\"min-height:595px;aspect-ratio:unset;\"><img loading=\"lazy\" decoding=\"async\" width=\"1024\" height=\"416\" class=\"wp-block-cover__image-background wp-image-13170 size-large\" alt=\"\" src=\"https:\/\/muuseumioo.muuseum.ee\/wp-content\/uploads\/2026\/02\/muuseumioo_2026-1024x416.png\" data-object-fit=\"cover\" srcset=\"https:\/\/muuseumioo.muuseum.ee\/wp-content\/uploads\/2026\/02\/muuseumioo_2026-1024x416.png 1024w, https:\/\/muuseumioo.muuseum.ee\/wp-content\/uploads\/2026\/02\/muuseumioo_2026-300x122.png 300w, https:\/\/muuseumioo.muuseum.ee\/wp-content\/uploads\/2026\/02\/muuseumioo_2026-768x312.png 768w, https:\/\/muuseumioo.muuseum.ee\/wp-content\/uploads\/2026\/02\/muuseumioo_2026-1536x625.png 1536w, https:\/\/muuseumioo.muuseum.ee\/wp-content\/uploads\/2026\/02\/muuseumioo_2026-1568x638.png 1568w, https:\/\/muuseumioo.muuseum.ee\/wp-content\/uploads\/2026\/02\/muuseumioo_2026.png 1623w\" sizes=\"auto, (max-width: 1024px) 100vw, 1024px\" \/><span aria-hidden=\"true\" class=\"wp-block-cover__background has-background-dim-10 has-background-dim\" style=\"background-color:#dd4c4c\"><\/span><div class=\"wp-block-cover__inner-container is-layout-flow wp-block-cover-is-layout-flow\"><p class=\"has-text-align-center has-large-font-size\">\u041a\u041e\u041d\u0422\u0410\u041a\u0422<\/p><\/div><\/div><figure class=\"wp-block-image alignwide size-large rbc-is-hidden-on-mobile rbc-is-hidden-on-wide rbc-is-hidden-on-desktop\"><img loading=\"lazy\" decoding=\"async\" width=\"1024\" height=\"416\" src=\"https:\/\/muuseumioo.muuseum.ee\/wp-content\/uploads\/2026\/02\/muuseumioo_2026-1024x416.png\" alt=\"\" class=\"wp-image-13170\" srcset=\"https:\/\/muuseumioo.muuseum.ee\/wp-content\/uploads\/2026\/02\/muuseumioo_2026-1024x416.png 1024w, https:\/\/muuseumioo.muuseum.ee\/wp-content\/uploads\/2026\/02\/muuseumioo_2026-300x122.png 300w, https:\/\/muuseumioo.muuseum.ee\/wp-content\/uploads\/2026\/02\/muuseumioo_2026-768x312.png 768w, https:\/\/muuseumioo.muuseum.ee\/wp-content\/uploads\/2026\/02\/muuseumioo_2026-1536x625.png 1536w, https:\/\/muuseumioo.muuseum.ee\/wp-content\/uploads\/2026\/02\/muuseumioo_2026-1568x638.png 1568w, https:\/\/muuseumioo.muuseum.ee\/wp-content\/uploads\/2026\/02\/muuseumioo_2026.png 1623w\" sizes=\"auto, (max-width: 1024px) 100vw, 1024px\" \/><\/figure><figure class=\"wp-block-image alignwide size-full rbc-is-hidden-on-tablet rbc-is-hidden-on-wide rbc-is-hidden-on-desktop\"><img loading=\"lazy\" decoding=\"async\" width=\"1623\" height=\"660\" src=\"https:\/\/muuseumioo.muuseum.ee\/wp-content\/uploads\/2026\/02\/muuseumioo_2026.png\" alt=\"\" class=\"wp-image-13170\" srcset=\"https:\/\/muuseumioo.muuseum.ee\/wp-content\/uploads\/2026\/02\/muuseumioo_2026.png 1623w, https:\/\/muuseumioo.muuseum.ee\/wp-content\/uploads\/2026\/02\/muuseumioo_2026-300x122.png 300w, https:\/\/muuseumioo.muuseum.ee\/wp-content\/uploads\/2026\/02\/muuseumioo_2026-1024x416.png 1024w, https:\/\/muuseumioo.muuseum.ee\/wp-content\/uploads\/2026\/02\/muuseumioo_2026-768x312.png 768w, https:\/\/muuseumioo.muuseum.ee\/wp-content\/uploads\/2026\/02\/muuseumioo_2026-1536x625.png 1536w, https:\/\/muuseumioo.muuseum.ee\/wp-content\/uploads\/2026\/02\/muuseumioo_2026-1568x638.png 1568w\" sizes=\"auto, (max-width: 1623px) 100vw, 1623px\" \/><\/figure><div style=\"height:20px\" aria-hidden=\"true\" class=\"wp-block-spacer\"><\/div><h2 class=\"wp-block-heading has-text-align-center\" style=\"text-transform:uppercase\">\u041e\u0420\u0413\u0410\u041d\u0418\u0417\u0410\u0422\u041e\u0420 \u041d\u041e\u0427\u0418 \u041c\u0423\u0417\u0415\u0415\u0412 \u2013 \u0421\u041e\u042e\u0417 \u041c\u0423\u0417\u0415\u0415\u0412 \u042d\u0421\u0422\u041e\u041d\u0418\u0418<\/h2><p class=\"has-text-align-center\">\u041a\u043e\u043c\u0430\u043d\u0434\u0430:<\/p><p class=\"has-text-align-center\">\u0410\u043d\u0443 \u0412\u0438\u043b\u044c\u0442\u0440\u043e\u043f, \u0420\u0435\u0442\u0438 \u041c\u0435\u044d\u043c\u0430, \u041f\u0430\u0430\u0432\u043e \u041a\u0440\u043e\u043e\u043d, \u041a\u0435\u0440\u0442\u0442\u0443 \u041c\u044f\u043d\u043d\u0438\u0441\u0442\u0435<\/p><p class=\"has-text-align-center\"><a href=\"mailto:emy@muuseum.ee\">emy@muuseum.ee<\/a><\/p><div style=\"height:20px\" aria-hidden=\"true\" class=\"wp-block-spacer\"><\/div>","protected":false},"excerpt":{"rendered":"<p>\u041e\u0420\u0413\u0410\u041d\u0418\u0417\u0410\u0422\u041e\u0420 \u041d\u041e\u0427\u0418 \u041c\u0423\u0417\u0415\u0415\u0412 \u2013 \u0421\u041e\u042e\u0417 \u041c\u0423\u0417\u0415\u0415\u0412 \u042d\u0421\u0422\u041e\u041d\u0418\u0418 \u041a\u043e\u043c\u0430\u043d\u0434\u0430: \u0410\u043d\u0443 \u0412\u0438\u043b\u044c\u0442\u0440\u043e\u043f, \u0420\u0435\u0442\u0438 \u041c\u0435\u044d\u043c\u0430, \u041f\u0430\u0430\u0432\u043e \u041a\u0440\u043e\u043e\u043d, \u041a\u0435\u0440\u0442\u0442\u0443 \u041c\u044f\u043d\u043d\u0438\u0441\u0442\u0435 emy@muuseum.ee<\/p>\n","protected":false},"author":2,"featured_media":0,"parent":0,"menu_order":0,"comment_status":"closed","ping_status":"closed","template":"","meta":{"_acf_changed":false,"footnotes":""},"class_list":["post-566","page","type-page","status-publish","hentry"],"acf":[],"yoast_head":"<!-- This site is optimized with the Yoast SEO plugin v26.8 - https:\/\/yoast.com\/product\/yoast-seo-wordpress\/ -->\n<title>\u041a\u043e\u043d\u0442\u0430\u043a\u0442 - Muuseumi\u00f6\u00f6<\/title>\n<meta name=\"robots\" content=\"index, follow, max-snippet:-1, max-image-preview:large, max-video-preview:-1\" \/>\n<link rel=\"canonical\" href=\"https:\/\/muuseumioo.muuseum.ee\/ru\/kontakt\/\" \/>\n<meta property=\"og:locale\" content=\"ru_RU\" \/>\n<meta property=\"og:type\" content=\"article\" \/>\n<meta property=\"og:title\" content=\"\u041a\u043e\u043d\u0442\u0430\u043a\u0442 - Muuseumi\u00f6\u00f6\" \/>\n<meta property=\"og:description\" content=\"\u041e\u0420\u0413\u0410\u041d\u0418\u0417\u0410\u0422\u041e\u0420 \u041d\u041e\u0427\u0418 \u041c\u0423\u0417\u0415\u0415\u0412 \u2013 \u0421\u041e\u042e\u0417 \u041c\u0423\u0417\u0415\u0415\u0412 \u042d\u0421\u0422\u041e\u041d\u0418\u0418 \u041a\u043e\u043c\u0430\u043d\u0434\u0430: \u0410\u043d\u0443 \u0412\u0438\u043b\u044c\u0442\u0440\u043e\u043f, \u0420\u0435\u0442\u0438 \u041c\u0435\u044d\u043c\u0430, \u041f\u0430\u0430\u0432\u043e \u041a\u0440\u043e\u043e\u043d, \u041a\u0435\u0440\u0442\u0442\u0443 \u041c\u044f\u043d\u043d\u0438\u0441\u0442\u0435 emy@muuseum.ee\" \/>\n<meta property=\"og:url\" content=\"https:\/\/muuseumioo.muuseum.ee\/ru\/kontakt\/\" \/>\n<meta property=\"og:site_name\" content=\"Muuseumi\u00f6\u00f6\" \/>\n<meta property=\"article:publisher\" content=\"https:\/\/www.facebook.com\/Muuseumioo\" \/>\n<meta property=\"article:modified_time\" content=\"2026-02-11T13:52:36+00:00\" \/>\n<meta property=\"og:image\" content=\"https:\/\/muuseumioo.muuseum.ee\/wp-content\/uploads\/2026\/02\/muuseumioo_2026.png\" \/>\n\t<meta property=\"og:image:width\" content=\"1623\" \/>\n\t<meta property=\"og:image:height\" content=\"660\" \/>\n\t<meta property=\"og:image:type\" content=\"image\/png\" \/>\n<meta name=\"twitter:card\" content=\"summary_large_image\" \/>\n<meta name=\"twitter:label1\" content=\"\u041f\u0440\u0438\u043c\u0435\u0440\u043d\u043e\u0435 \u0432\u0440\u0435\u043c\u044f \u0434\u043b\u044f \u0447\u0442\u0435\u043d\u0438\u044f\" \/>\n\t<meta name=\"twitter:data1\" content=\"1 \u043c\u0438\u043d\u0443\u0442\u0430\" \/>\n<script type=\"application\/ld+json\" class=\"yoast-schema-graph\">{\"@context\":\"https:\/\/schema.org\",\"@graph\":[{\"@type\":\"WebPage\",\"@id\":\"https:\/\/muuseumioo.muuseum.ee\/ru\/kontakt\/\",\"url\":\"https:\/\/muuseumioo.muuseum.ee\/ru\/kontakt\/\",\"name\":\"\u041a\u043e\u043d\u0442\u0430\u043a\u0442 - Muuseumi\u00f6\u00f6\",\"isPartOf\":{\"@id\":\"https:\/\/muuseumioo.muuseum.ee\/#website\"},\"primaryImageOfPage\":{\"@id\":\"https:\/\/muuseumioo.muuseum.ee\/ru\/kontakt\/#primaryimage\"},\"image\":{\"@id\":\"https:\/\/muuseumioo.muuseum.ee\/ru\/kontakt\/#primaryimage\"},\"thumbnailUrl\":\"https:\/\/muuseumioo.muuseum.ee\/wp-content\/uploads\/2026\/02\/muuseumioo_2026-1024x416.png\",\"datePublished\":\"2024-01-25T07:58:11+00:00\",\"dateModified\":\"2026-02-11T13:52:36+00:00\",\"breadcrumb\":{\"@id\":\"https:\/\/muuseumioo.muuseum.ee\/ru\/kontakt\/#breadcrumb\"},\"inLanguage\":\"ru-RU\",\"potentialAction\":[{\"@type\":\"ReadAction\",\"target\":[\"https:\/\/muuseumioo.muuseum.ee\/ru\/kontakt\/\"]}]},{\"@type\":\"ImageObject\",\"inLanguage\":\"ru-RU\",\"@id\":\"https:\/\/muuseumioo.muuseum.ee\/ru\/kontakt\/#primaryimage\",\"url\":\"https:\/\/muuseumioo.muuseum.ee\/wp-content\/uploads\/2026\/02\/muuseumioo_2026-1024x416.png\",\"contentUrl\":\"https:\/\/muuseumioo.muuseum.ee\/wp-content\/uploads\/2026\/02\/muuseumioo_2026-1024x416.png\"},{\"@type\":\"BreadcrumbList\",\"@id\":\"https:\/\/muuseumioo.muuseum.ee\/ru\/kontakt\/#breadcrumb\",\"itemListElement\":[{\"@type\":\"ListItem\",\"position\":1,\"name\":\"Home\",\"item\":\"https:\/\/muuseumioo.muuseum.ee\/ru\/\"},{\"@type\":\"ListItem\",\"position\":2,\"name\":\"\u041a\u043e\u043d\u0442\u0430\u043a\u0442\"}]},{\"@type\":\"WebSite\",\"@id\":\"https:\/\/muuseumioo.muuseum.ee\/#website\",\"url\":\"https:\/\/muuseumioo.muuseum.ee\/\",\"name\":\"Muuseumi\u00f6\u00f6\",\"description\":\"Muuseumi\u00f6\u00f6 16.05.2026\",\"publisher\":{\"@id\":\"https:\/\/muuseumioo.muuseum.ee\/#organization\"},\"potentialAction\":[{\"@type\":\"SearchAction\",\"target\":{\"@type\":\"EntryPoint\",\"urlTemplate\":\"https:\/\/muuseumioo.muuseum.ee\/?s={search_term_string}\"},\"query-input\":{\"@type\":\"PropertyValueSpecification\",\"valueRequired\":true,\"valueName\":\"search_term_string\"}}],\"inLanguage\":\"ru-RU\"},{\"@type\":\"Organization\",\"@id\":\"https:\/\/muuseumioo.muuseum.ee\/#organization\",\"name\":\"\u00d6\u00f6muuseum\",\"url\":\"https:\/\/muuseumioo.muuseum.ee\/\",\"logo\":{\"@type\":\"ImageObject\",\"inLanguage\":\"ru-RU\",\"@id\":\"https:\/\/muuseumioo.muuseum.ee\/#\/schema\/logo\/image\/\",\"url\":\"https:\/\/muuseumioo.muuseum.ee\/wp-content\/uploads\/2025\/02\/1920x1080_muuseumioo_2025_VALIK.jpg\",\"contentUrl\":\"https:\/\/muuseumioo.muuseum.ee\/wp-content\/uploads\/2025\/02\/1920x1080_muuseumioo_2025_VALIK.jpg\",\"width\":1920,\"height\":1080,\"caption\":\"\u00d6\u00f6muuseum\"},\"image\":{\"@id\":\"https:\/\/muuseumioo.muuseum.ee\/#\/schema\/logo\/image\/\"},\"sameAs\":[\"https:\/\/www.facebook.com\/Muuseumioo\"]}]}<\/script>\n<!-- \/ Yoast SEO plugin. -->","yoast_head_json":{"title":"\u041a\u043e\u043d\u0442\u0430\u043a\u0442 - Muuseumi\u00f6\u00f6","robots":{"index":"index","follow":"follow","max-snippet":"max-snippet:-1","max-image-preview":"max-image-preview:large","max-video-preview":"max-video-preview:-1"},"canonical":"https:\/\/muuseumioo.muuseum.ee\/ru\/kontakt\/","og_locale":"ru_RU","og_type":"article","og_title":"\u041a\u043e\u043d\u0442\u0430\u043a\u0442 - Muuseumi\u00f6\u00f6","og_description":"\u041e\u0420\u0413\u0410\u041d\u0418\u0417\u0410\u0422\u041e\u0420 \u041d\u041e\u0427\u0418 \u041c\u0423\u0417\u0415\u0415\u0412 \u2013 \u0421\u041e\u042e\u0417 \u041c\u0423\u0417\u0415\u0415\u0412 \u042d\u0421\u0422\u041e\u041d\u0418\u0418 \u041a\u043e\u043c\u0430\u043d\u0434\u0430: \u0410\u043d\u0443 \u0412\u0438\u043b\u044c\u0442\u0440\u043e\u043f, \u0420\u0435\u0442\u0438 \u041c\u0435\u044d\u043c\u0430, \u041f\u0430\u0430\u0432\u043e \u041a\u0440\u043e\u043e\u043d, \u041a\u0435\u0440\u0442\u0442\u0443 \u041c\u044f\u043d\u043d\u0438\u0441\u0442\u0435 emy@muuseum.ee","og_url":"https:\/\/muuseumioo.muuseum.ee\/ru\/kontakt\/","og_site_name":"Muuseumi\u00f6\u00f6","article_publisher":"https:\/\/www.facebook.com\/Muuseumioo","article_modified_time":"2026-02-11T13:52:36+00:00","og_image":[{"width":1623,"height":660,"url":"https:\/\/muuseumioo.muuseum.ee\/wp-content\/uploads\/2026\/02\/muuseumioo_2026.png","type":"image\/png"}],"twitter_card":"summary_large_image","twitter_misc":{"\u041f\u0440\u0438\u043c\u0435\u0440\u043d\u043e\u0435 \u0432\u0440\u0435\u043c\u044f \u0434\u043b\u044f \u0447\u0442\u0435\u043d\u0438\u044f":"1 \u043c\u0438\u043d\u0443\u0442\u0430"},"schema":{"@context":"https:\/\/schema.org","@graph":[{"@type":"WebPage","@id":"https:\/\/muuseumioo.muuseum.ee\/ru\/kontakt\/","url":"https:\/\/muuseumioo.muuseum.ee\/ru\/kontakt\/","name":"\u041a\u043e\u043d\u0442\u0430\u043a\u0442 - Muuseumi\u00f6\u00f6","isPartOf":{"@id":"https:\/\/muuseumioo.muuseum.ee\/#website"},"primaryImageOfPage":{"@id":"https:\/\/muuseumioo.muuseum.ee\/ru\/kontakt\/#primaryimage"},"image":{"@id":"https:\/\/muuseumioo.muuseum.ee\/ru\/kontakt\/#primaryimage"},"thumbnailUrl":"https:\/\/muuseumioo.muuseum.ee\/wp-content\/uploads\/2026\/02\/muuseumioo_2026-1024x416.png","datePublished":"2024-01-25T07:58:11+00:00","dateModified":"2026-02-11T13:52:36+00:00","breadcrumb":{"@id":"https:\/\/muuseumioo.muuseum.ee\/ru\/kontakt\/#breadcrumb"},"inLanguage":"ru-RU","potentialAction":[{"@type":"ReadAction","target":["https:\/\/muuseumioo.muuseum.ee\/ru\/kontakt\/"]}]},{"@type":"ImageObject","inLanguage":"ru-RU","@id":"https:\/\/muuseumioo.muuseum.ee\/ru\/kontakt\/#primaryimage","url":"https:\/\/muuseumioo.muuseum.ee\/wp-content\/uploads\/2026\/02\/muuseumioo_2026-1024x416.png","contentUrl":"https:\/\/muuseumioo.muuseum.ee\/wp-content\/uploads\/2026\/02\/muuseumioo_2026-1024x416.png"},{"@type":"BreadcrumbList","@id":"https:\/\/muuseumioo.muuseum.ee\/ru\/kontakt\/#breadcrumb","itemListElement":[{"@type":"ListItem","position":1,"name":"Home","item":"https:\/\/muuseumioo.muuseum.ee\/ru\/"},{"@type":"ListItem","position":2,"name":"\u041a\u043e\u043d\u0442\u0430\u043a\u0442"}]},{"@type":"WebSite","@id":"https:\/\/muuseumioo.muuseum.ee\/#website","url":"https:\/\/muuseumioo.muuseum.ee\/","name":"Muuseumi\u00f6\u00f6","description":"Muuseumi\u00f6\u00f6 16.05.2026","publisher":{"@id":"https:\/\/muuseumioo.muuseum.ee\/#organization"},"potentialAction":[{"@type":"SearchAction","target":{"@type":"EntryPoint","urlTemplate":"https:\/\/muuseumioo.muuseum.ee\/?s={search_term_string}"},"query-input":{"@type":"PropertyValueSpecification","valueRequired":true,"valueName":"search_term_string"}}],"inLanguage":"ru-RU"},{"@type":"Organization","@id":"https:\/\/muuseumioo.muuseum.ee\/#organization","name":"\u00d6\u00f6muuseum","url":"https:\/\/muuseumioo.muuseum.ee\/","logo":{"@type":"ImageObject","inLanguage":"ru-RU","@id":"https:\/\/muuseumioo.muuseum.ee\/#\/schema\/logo\/image\/","url":"https:\/\/muuseumioo.muuseum.ee\/wp-content\/uploads\/2025\/02\/1920x1080_muuseumioo_2025_VALIK.jpg","contentUrl":"https:\/\/muuseumioo.muuseum.ee\/wp-content\/uploads\/2025\/02\/1920x1080_muuseumioo_2025_VALIK.jpg","width":1920,"height":1080,"caption":"\u00d6\u00f6muuseum"},"image":{"@id":"https:\/\/muuseumioo.muuseum.ee\/#\/schema\/logo\/image\/"},"sameAs":["https:\/\/www.facebook.com\/Muuseumioo"]}]}},"_links":{"self":[{"href":"https:\/\/muuseumioo.muuseum.ee\/ru\/wp-json\/wp\/v2\/pages\/566","targetHints":{"allow":["GET"]}}],"collection":[{"href":"https:\/\/muuseumioo.muuseum.ee\/ru\/wp-json\/wp\/v2\/pages"}],"about":[{"href":"https:\/\/muuseumioo.muuseum.ee\/ru\/wp-json\/wp\/v2\/types\/page"}],"author":[{"embeddable":true,"href":"https:\/\/muuseumioo.muuseum.ee\/ru\/wp-json\/wp\/v2\/users\/2"}],"replies":[{"embeddable":true,"href":"https:\/\/muuseumioo.muuseum.ee\/ru\/wp-json\/wp\/v2\/comments?post=566"}],"version-history":[{"count":5,"href":"https:\/\/muuseumioo.muuseum.ee\/ru\/wp-json\/wp\/v2\/pages\/566\/revisions"}],"predecessor-version":[{"id":13198,"href":"https:\/\/muuseumioo.muuseum.ee\/ru\/wp-json\/wp\/v2\/pages\/566\/revisions\/13198"}],"wp:attachment":[{"href":"https:\/\/muuseumioo.muuseum.ee\/ru\/wp-json\/wp\/v2\/media?parent=566"}],"curies":[{"name":"wp","href":"https:\/\/api.w.org\/{rel}","templated":true}]}}