{"id":564,"date":"2024-01-31T09:13:14","date_gmt":"2024-01-31T07:13:14","guid":{"rendered":"https:\/\/muuseumioo.muuseum.ee\/tutvustus\/"},"modified":"2026-02-11T15:52:47","modified_gmt":"2026-02-11T13:52:47","slug":"tutvustus","status":"publish","type":"page","link":"https:\/\/muuseumioo.muuseum.ee\/ru\/tutvustus\/","title":{"rendered":"O\u043f\u0438\u0441\u0430\u043d\u0438\u0435"},"content":{"rendered":"<div class=\"wp-block-cover alignfull has-custom-content-position is-position-bottom-left rbc-is-hidden-on-mobile rbc-is-hidden-on-tablet\" style=\"min-height:595px;aspect-ratio:unset;\"><img loading=\"lazy\" decoding=\"async\" width=\"1024\" height=\"416\" class=\"wp-block-cover__image-background wp-image-13170 size-large\" alt=\"\" src=\"https:\/\/muuseumioo.muuseum.ee\/wp-content\/uploads\/2026\/02\/muuseumioo_2026-1024x416.png\" data-object-fit=\"cover\" srcset=\"https:\/\/muuseumioo.muuseum.ee\/wp-content\/uploads\/2026\/02\/muuseumioo_2026-1024x416.png 1024w, https:\/\/muuseumioo.muuseum.ee\/wp-content\/uploads\/2026\/02\/muuseumioo_2026-300x122.png 300w, https:\/\/muuseumioo.muuseum.ee\/wp-content\/uploads\/2026\/02\/muuseumioo_2026-768x312.png 768w, https:\/\/muuseumioo.muuseum.ee\/wp-content\/uploads\/2026\/02\/muuseumioo_2026-1536x625.png 1536w, https:\/\/muuseumioo.muuseum.ee\/wp-content\/uploads\/2026\/02\/muuseumioo_2026-1568x638.png 1568w, https:\/\/muuseumioo.muuseum.ee\/wp-content\/uploads\/2026\/02\/muuseumioo_2026.png 1623w\" sizes=\"auto, (max-width: 1024px) 100vw, 1024px\" \/><span aria-hidden=\"true\" class=\"wp-block-cover__background has-background-dim-10 has-background-dim\" style=\"background-color:#dd4c4c\"><\/span><div class=\"wp-block-cover__inner-container is-layout-flow wp-block-cover-is-layout-flow\"><h1 class=\"wp-block-heading has-text-align-center has-white-color has-text-color has-link-color has-large-font-size wp-elements-6797e34a1484660e1339e92a7f37584d\"><br>\u041e\u041f\u0418\u0421\u0410\u041d\u0418\u0415<\/h1><\/div><\/div><figure class=\"wp-block-image alignwide size-large rbc-is-hidden-on-mobile rbc-is-hidden-on-wide rbc-is-hidden-on-desktop\"><img loading=\"lazy\" decoding=\"async\" width=\"1024\" height=\"416\" src=\"https:\/\/muuseumioo.muuseum.ee\/wp-content\/uploads\/2026\/02\/muuseumioo_2026-1024x416.png\" alt=\"\" class=\"wp-image-13170\" srcset=\"https:\/\/muuseumioo.muuseum.ee\/wp-content\/uploads\/2026\/02\/muuseumioo_2026-1024x416.png 1024w, https:\/\/muuseumioo.muuseum.ee\/wp-content\/uploads\/2026\/02\/muuseumioo_2026-300x122.png 300w, https:\/\/muuseumioo.muuseum.ee\/wp-content\/uploads\/2026\/02\/muuseumioo_2026-768x312.png 768w, https:\/\/muuseumioo.muuseum.ee\/wp-content\/uploads\/2026\/02\/muuseumioo_2026-1536x625.png 1536w, https:\/\/muuseumioo.muuseum.ee\/wp-content\/uploads\/2026\/02\/muuseumioo_2026-1568x638.png 1568w, https:\/\/muuseumioo.muuseum.ee\/wp-content\/uploads\/2026\/02\/muuseumioo_2026.png 1623w\" sizes=\"auto, (max-width: 1024px) 100vw, 1024px\" \/><\/figure><figure class=\"wp-block-image alignwide size-full rbc-is-hidden-on-tablet rbc-is-hidden-on-wide rbc-is-hidden-on-desktop\"><img loading=\"lazy\" decoding=\"async\" width=\"1623\" height=\"660\" src=\"https:\/\/muuseumioo.muuseum.ee\/wp-content\/uploads\/2026\/02\/muuseumioo_2026.png\" alt=\"\" class=\"wp-image-13170\" srcset=\"https:\/\/muuseumioo.muuseum.ee\/wp-content\/uploads\/2026\/02\/muuseumioo_2026.png 1623w, https:\/\/muuseumioo.muuseum.ee\/wp-content\/uploads\/2026\/02\/muuseumioo_2026-300x122.png 300w, https:\/\/muuseumioo.muuseum.ee\/wp-content\/uploads\/2026\/02\/muuseumioo_2026-1024x416.png 1024w, https:\/\/muuseumioo.muuseum.ee\/wp-content\/uploads\/2026\/02\/muuseumioo_2026-768x312.png 768w, https:\/\/muuseumioo.muuseum.ee\/wp-content\/uploads\/2026\/02\/muuseumioo_2026-1536x625.png 1536w, https:\/\/muuseumioo.muuseum.ee\/wp-content\/uploads\/2026\/02\/muuseumioo_2026-1568x638.png 1568w\" sizes=\"auto, (max-width: 1623px) 100vw, 1623px\" \/><\/figure><div style=\"height:20px\" aria-hidden=\"true\" class=\"wp-block-spacer\"><\/div><h2 class=\"wp-block-heading has-text-align-center\">\u041d\u041e\u0427\u042c \u041c\u0423\u0417\u0415\u0415\u0412<\/h2><p class=\"has-text-align-center\" style=\"font-style:normal;font-weight:400\">\u0420\u0430\u0437 \u0432 \u0433\u043e\u0434\u0443, \u0441\u0443\u0431\u0431\u043e\u0442\u043d\u0438\u043c \u043c\u0430\u0439\u0441\u043a\u0438\u043c \u0432\u0435\u0447\u0435\u0440\u043e\u043c, \u043c\u0443\u0437\u0435\u0438 \u0438 \u0434\u0440\u0443\u0433\u0438\u0435 \u0443\u0447\u0440\u0435\u0436\u0434\u0435\u043d\u0438\u044f \u043f\u0430\u043c\u044f\u0442\u0438 \u0432\u043e \u0432\u0441\u0435\u0439 \u0415\u0432\u0440\u043e\u043f\u0435 \u043e\u0442\u043c\u0435\u0447\u0430\u044e\u0442 \u041d\u043e\u0447\u044c \u043c\u0443\u0437\u0435\u0435\u0432. \u0418\u0445 \u0434\u0432\u0435\u0440\u0438 \u043e\u0442\u043a\u0440\u044b\u0442\u044b \u0438 \u0432 \u0431\u043e\u043b\u0435\u0435 \u043f\u043e\u0437\u0434\u043d\u0435\u0435 \u0432\u0440\u0435\u043c\u044f, \u0447\u0435\u043c \u043e\u0431\u044b\u0447\u043d\u043e, \u0437\u0430 \u0441\u0438\u043c\u0432\u043e\u043b\u0438\u0447\u0435\u0441\u043a\u0443\u044e \u043f\u043b\u0430\u0442\u0443 \u0438\u043b\u0438 \u0436\u0435 \u0432\u043e\u0432\u0441\u0435 \u0431\u0435\u0441\u043f\u043b\u0430\u0442\u043d\u043e. \u0421\u043e\u044e\u0437 \u043c\u0443\u0437\u0435\u0435\u0432 \u042d\u0441\u0442\u043e\u043d\u0438\u0438 \u043e\u0440\u0433\u0430\u043d\u0438\u0437\u0443\u0435\u0442 \u041d\u043e\u0447\u044c \u043c\u0443\u0437\u0435\u0435\u0432 \u0441 2009 \u0433\u043e\u0434\u0430 \u2013 \u0442\u043e\u0433\u0434\u0430 \u0436\u0435 \u041d\u043e\u0447\u044c \u043c\u0443\u0437\u0435\u0435\u0432 \u0432\u043f\u0435\u0440\u0432\u044b\u0435 \u043f\u0440\u043e\u0448\u043b\u0430 \u043f\u043e \u0432\u0441\u0435\u0439 \u042d\u0441\u0442\u043e\u043d\u0438\u0438.<\/p><p class=\"has-text-align-center\" style=\"font-style:normal;font-weight:400\"><\/p><p class=\"has-text-align-center\" style=\"font-style:normal;font-weight:400\">\u041d\u043e\u0447\u044c \u043c\u0443\u0437\u0435\u0435\u0432 \u0431\u044b\u043b\u0430 \u043e\u0440\u0433\u0430\u043d\u0438\u0437\u043e\u0432\u0430\u043d\u0430 \u0421\u043e\u044e\u0437\u043e\u043c \u043c\u0443\u0437\u0435\u0435\u0432 \u0443\u0436\u0435 14 \u0440\u0430\u0437.<\/p><p class=\"has-text-align-center\" style=\"font-style:normal;font-weight:400\"><\/p><p class=\"has-text-align-center\">\u0422\u0435\u043c\u044b \u043f\u0440\u043e\u0448\u0435\u0434\u0448\u0438\u0445 \u041d\u043e\u0447\u0435\u0439 \u043c\u0443\u0437\u0435\u0435\u0432:<\/p><p class=\"has-text-align-center\">\u0412 \u043f\u0435\u0440\u0432\u044b\u0439 \u0440\u0430\u0437 \u0434\u0435\u0432\u0438\u0437 \u041d\u043e\u0447\u0438 \u043c\u0443\u0437\u0435\u0435\u0432 \u0437\u0432\u0443\u0447\u0430\u043b \u043a\u0430\u043a \u201e\u0412\u0435\u0449\u0438 \u0432 \u043d\u043e\u0447\u0438\u201c, \u0432 2010 \u0433\u043e\u0434\u0443 \u2013 \u201e\u0418\u0441\u0442\u043e\u0440\u0438\u0438 \u0432 \u043d\u043e\u0447\u0438\u201c, \u0432 2011 \u2013 \u201e\u0421\u043e\u043a\u0440\u043e\u0432\u0438\u0449\u0430 \u0432 \u043d\u043e\u0447\u0438\u201c, \u0432 2012 \u2013 \u201e\u041a\u0438\u043d\u043e \u0432 \u043d\u043e\u0447\u0438\u201c, \u0432 2013 \u2013 \u201e\u041b\u044e\u0434\u0438 \u0432 \u043d\u043e\u0447\u0438\u201c, \u0432 2014 \u2013 \u201e\u0417\u0432\u0451\u0437\u0434\u044b \u0432 \u043d\u043e\u0447\u0438\u201c, \u0432 2015 \u2013 \u201e\u041c\u0443\u0437\u044b\u043a\u0430 \u0432 \u043d\u043e\u0447\u0438\u201c, \u0432 2016 \u2013 \u201e\u0412\u043e\u043b\u043d\u044b \u0432 \u043d\u043e\u0447\u0438\u201c, \u0432 2017 \u2013 \u201e\u0418\u0433\u0440\u044b \u0432 \u043d\u043e\u0447\u0438\u201c, <a href=\"https:\/\/muuseum.ee\/muuseumioo-2018\/\">\u0432 2018 \u2013 \u201e\u041f\u0440\u0430\u0437\u0434\u043d\u0438\u043a \u0432 \u043d\u043e\u0447\u0438\u201c<\/a>, <a href=\"https:\/\/muuseum.ee\/muuseumioo-2019\/\">\u0432 2019 \u0433\u043e\u0434\u0443 \u2013 \u201e\u0423\u0437\u043e\u0440\u044b \u0432 \u043d\u043e\u0447\u0438\u201c<\/a>, <a href=\"https:\/\/muuseum.ee\/muuseumioo\/muuseumioo-2020\/\">\u0432 2020 \u2013 \u201e\u0412\u0440\u0435\u043c\u044f \u0432 \u043d\u043e\u0447\u0438\u201c<\/a>, <a href=\"https:\/\/muuseum.ee\/muuseumioo\/muuseumioo-2020-2\/\">\u0432 2022 \u0433\u043e\u0434\u0443 \u2013 \u201e\u041c\u0435\u0447\u0442\u044b \u0432 \u043d\u043e\u0447\u0438\u201c<\/a>, <a href=\"https:\/\/muuseum.ee\/muuseumioo-2023\/\">\u0432 2023 \u2013 \u201c\u0414\u0432\u0438\u0436\u0435\u043d\u0438\u0435 \u0432 \u043d\u043e\u0447\u0438\u201c<\/a>, <a href=\"https:\/\/muuseum.ee\/muuseumioo\/muuseumioo-2024\/\">\u0430 \u0432 2024 \u2013 &#171;\u0421\u0432\u043e\u0431\u043e\u0434\u0430 \u0432 \u043d\u043e\u0447\u0438!&#187;<\/a><\/p><p class=\"has-text-align-center\">\u0412 2019 \u0433\u043e\u0434\u0443 \u0437\u0430 \u041d\u043e\u0447\u044c \u043c\u0443\u0437\u0435\u0435\u0432 \u0431\u044b\u043b\u043e \u0431\u043e\u043b\u0435\u0435 102&nbsp;000 \u043f\u043e\u0441\u0435\u0449\u0435\u043d\u0438\u0439.<\/p><p class=\"has-text-align-center\">\u0412 2023 \u0433\u043e\u0434\u0443 \u0431\u044b\u043b\u043e \u043f\u043e\u0447\u0442\u0438 70&nbsp;000 \u043f\u043e\u0441\u0435\u0442\u0438\u0442\u0435\u043b\u0435\u0439, \u0430 \u0432 \u043c\u0435\u0440\u043e\u043f\u0440\u0438\u044f\u0442\u0438\u0438 \u043f\u0440\u0438\u043d\u044f\u043b\u0438 \u0443\u0447\u0430\u0441\u0442\u0438\u0435 188 \u043c\u0443\u0437\u0435\u0435\u0432 \u0438 \u0434\u0440\u0443\u0433\u0438\u0445 \u0443\u0447\u0440\u0435\u0436\u0434\u0435\u043d\u0438\u0439 \u043f\u0430\u043c\u044f\u0442\u0438.<\/p><p class=\"has-text-align-center\" style=\"font-style:normal;font-weight:400\"><a href=\"https:\/\/www.facebook.com\/Muuseumioo\">\u041d\u043e\u0447\u044c \u043c\u0443\u0437\u0435\u0435\u0432 \u0432 Facebook<\/a><br><a href=\"https:\/\/www.instagram.com\/estonianmuseums\/\">\u041d\u043e\u0447\u044c \u043c\u0443\u0437\u0435\u0435\u0432 \u0432 Instagram<\/a><\/p><div style=\"height:20px\" aria-hidden=\"true\" class=\"wp-block-spacer\"><\/div><p><\/p>","protected":false},"excerpt":{"rendered":"<p>\u041d\u041e\u0427\u042c \u041c\u0423\u0417\u0415\u0415\u0412 \u0420\u0430\u0437 \u0432 \u0433\u043e\u0434\u0443, \u0441\u0443\u0431\u0431\u043e\u0442\u043d\u0438\u043c \u043c\u0430\u0439\u0441\u043a\u0438\u043c \u0432\u0435\u0447\u0435\u0440\u043e\u043c, \u043c\u0443\u0437\u0435\u0438 \u0438 \u0434\u0440\u0443\u0433\u0438\u0435 \u0443\u0447\u0440\u0435\u0436\u0434\u0435\u043d\u0438\u044f \u043f\u0430\u043c\u044f\u0442\u0438 \u0432\u043e \u0432\u0441\u0435\u0439 \u0415\u0432\u0440\u043e\u043f\u0435 \u043e\u0442\u043c\u0435\u0447\u0430\u044e\u0442 \u041d\u043e\u0447\u044c \u043c\u0443\u0437\u0435\u0435\u0432. \u0418\u0445 \u0434\u0432\u0435\u0440\u0438 \u043e\u0442\u043a\u0440\u044b\u0442\u044b \u0438 \u0432 \u0431\u043e\u043b\u0435\u0435 \u043f\u043e\u0437\u0434\u043d\u0435\u0435 \u0432\u0440\u0435\u043c\u044f, \u0447\u0435\u043c \u043e\u0431\u044b\u0447\u043d\u043e, \u0437\u0430 \u0441\u0438\u043c\u0432\u043e\u043b\u0438\u0447\u0435\u0441\u043a\u0443\u044e \u043f\u043b\u0430\u0442\u0443 \u0438\u043b\u0438 \u0436\u0435 \u0432\u043e\u0432\u0441\u0435 \u0431\u0435\u0441\u043f\u043b\u0430\u0442\u043d\u043e. \u0421\u043e\u044e\u0437 \u043c\u0443\u0437\u0435\u0435\u0432 \u042d\u0441\u0442\u043e\u043d\u0438\u0438 \u043e\u0440\u0433\u0430\u043d\u0438\u0437\u0443\u0435\u0442 \u041d\u043e\u0447\u044c \u043c\u0443\u0437\u0435\u0435\u0432 \u0441 2009 \u0433\u043e\u0434\u0430 \u2013 \u0442\u043e\u0433\u0434\u0430 \u0436\u0435 \u041d\u043e\u0447\u044c \u043c\u0443\u0437\u0435\u0435\u0432 \u0432\u043f\u0435\u0440\u0432\u044b\u0435 \u043f\u0440\u043e\u0448\u043b\u0430 \u043f\u043e \u0432\u0441\u0435\u0439 \u042d\u0441\u0442\u043e\u043d\u0438\u0438. [&hellip;]<\/p>\n","protected":false},"author":2,"featured_media":0,"parent":0,"menu_order":0,"comment_status":"closed","ping_status":"closed","template":"","meta":{"_acf_changed":false,"footnotes":""},"class_list":["post-564","page","type-page","status-publish","hentry"],"acf":[],"yoast_head":"<!-- This site is optimized with the Yoast SEO plugin v26.8 - https:\/\/yoast.com\/product\/yoast-seo-wordpress\/ -->\n<title>O\u043f\u0438\u0441\u0430\u043d\u0438\u0435 - Muuseumi\u00f6\u00f6<\/title>\n<meta name=\"robots\" content=\"index, follow, max-snippet:-1, max-image-preview:large, max-video-preview:-1\" \/>\n<link rel=\"canonical\" href=\"https:\/\/muuseumioo.muuseum.ee\/ru\/tutvustus\/\" \/>\n<meta property=\"og:locale\" content=\"ru_RU\" \/>\n<meta property=\"og:type\" content=\"article\" \/>\n<meta property=\"og:title\" content=\"O\u043f\u0438\u0441\u0430\u043d\u0438\u0435 - Muuseumi\u00f6\u00f6\" \/>\n<meta property=\"og:description\" content=\"\u041d\u041e\u0427\u042c \u041c\u0423\u0417\u0415\u0415\u0412 \u0420\u0430\u0437 \u0432 \u0433\u043e\u0434\u0443, \u0441\u0443\u0431\u0431\u043e\u0442\u043d\u0438\u043c \u043c\u0430\u0439\u0441\u043a\u0438\u043c \u0432\u0435\u0447\u0435\u0440\u043e\u043c, \u043c\u0443\u0437\u0435\u0438 \u0438 \u0434\u0440\u0443\u0433\u0438\u0435 \u0443\u0447\u0440\u0435\u0436\u0434\u0435\u043d\u0438\u044f \u043f\u0430\u043c\u044f\u0442\u0438 \u0432\u043e \u0432\u0441\u0435\u0439 \u0415\u0432\u0440\u043e\u043f\u0435 \u043e\u0442\u043c\u0435\u0447\u0430\u044e\u0442 \u041d\u043e\u0447\u044c \u043c\u0443\u0437\u0435\u0435\u0432. \u0418\u0445 \u0434\u0432\u0435\u0440\u0438 \u043e\u0442\u043a\u0440\u044b\u0442\u044b \u0438 \u0432 \u0431\u043e\u043b\u0435\u0435 \u043f\u043e\u0437\u0434\u043d\u0435\u0435 \u0432\u0440\u0435\u043c\u044f, \u0447\u0435\u043c \u043e\u0431\u044b\u0447\u043d\u043e, \u0437\u0430 \u0441\u0438\u043c\u0432\u043e\u043b\u0438\u0447\u0435\u0441\u043a\u0443\u044e \u043f\u043b\u0430\u0442\u0443 \u0438\u043b\u0438 \u0436\u0435 \u0432\u043e\u0432\u0441\u0435 \u0431\u0435\u0441\u043f\u043b\u0430\u0442\u043d\u043e. \u0421\u043e\u044e\u0437 \u043c\u0443\u0437\u0435\u0435\u0432 \u042d\u0441\u0442\u043e\u043d\u0438\u0438 \u043e\u0440\u0433\u0430\u043d\u0438\u0437\u0443\u0435\u0442 \u041d\u043e\u0447\u044c \u043c\u0443\u0437\u0435\u0435\u0432 \u0441 2009 \u0433\u043e\u0434\u0430 \u2013 \u0442\u043e\u0433\u0434\u0430 \u0436\u0435 \u041d\u043e\u0447\u044c \u043c\u0443\u0437\u0435\u0435\u0432 \u0432\u043f\u0435\u0440\u0432\u044b\u0435 \u043f\u0440\u043e\u0448\u043b\u0430 \u043f\u043e \u0432\u0441\u0435\u0439 \u042d\u0441\u0442\u043e\u043d\u0438\u0438. [&hellip;]\" \/>\n<meta property=\"og:url\" content=\"https:\/\/muuseumioo.muuseum.ee\/ru\/tutvustus\/\" \/>\n<meta property=\"og:site_name\" content=\"Muuseumi\u00f6\u00f6\" \/>\n<meta property=\"article:publisher\" content=\"https:\/\/www.facebook.com\/Muuseumioo\" \/>\n<meta property=\"article:modified_time\" content=\"2026-02-11T13:52:47+00:00\" \/>\n<meta property=\"og:image\" content=\"https:\/\/muuseumioo.muuseum.ee\/wp-content\/uploads\/2026\/02\/muuseumioo_2026.png\" \/>\n\t<meta property=\"og:image:width\" content=\"1623\" \/>\n\t<meta property=\"og:image:height\" content=\"660\" \/>\n\t<meta property=\"og:image:type\" content=\"image\/png\" \/>\n<meta name=\"twitter:card\" content=\"summary_large_image\" \/>\n<meta name=\"twitter:label1\" content=\"\u041f\u0440\u0438\u043c\u0435\u0440\u043d\u043e\u0435 \u0432\u0440\u0435\u043c\u044f \u0434\u043b\u044f \u0447\u0442\u0435\u043d\u0438\u044f\" \/>\n\t<meta name=\"twitter:data1\" content=\"2 \u043c\u0438\u043d\u0443\u0442\u044b\" \/>\n<script type=\"application\/ld+json\" class=\"yoast-schema-graph\">{\"@context\":\"https:\/\/schema.org\",\"@graph\":[{\"@type\":\"WebPage\",\"@id\":\"https:\/\/muuseumioo.muuseum.ee\/ru\/tutvustus\/\",\"url\":\"https:\/\/muuseumioo.muuseum.ee\/ru\/tutvustus\/\",\"name\":\"O\u043f\u0438\u0441\u0430\u043d\u0438\u0435 - Muuseumi\u00f6\u00f6\",\"isPartOf\":{\"@id\":\"https:\/\/muuseumioo.muuseum.ee\/#website\"},\"primaryImageOfPage\":{\"@id\":\"https:\/\/muuseumioo.muuseum.ee\/ru\/tutvustus\/#primaryimage\"},\"image\":{\"@id\":\"https:\/\/muuseumioo.muuseum.ee\/ru\/tutvustus\/#primaryimage\"},\"thumbnailUrl\":\"https:\/\/muuseumioo.muuseum.ee\/wp-content\/uploads\/2026\/02\/muuseumioo_2026-1024x416.png\",\"datePublished\":\"2024-01-31T07:13:14+00:00\",\"dateModified\":\"2026-02-11T13:52:47+00:00\",\"breadcrumb\":{\"@id\":\"https:\/\/muuseumioo.muuseum.ee\/ru\/tutvustus\/#breadcrumb\"},\"inLanguage\":\"ru-RU\",\"potentialAction\":[{\"@type\":\"ReadAction\",\"target\":[\"https:\/\/muuseumioo.muuseum.ee\/ru\/tutvustus\/\"]}]},{\"@type\":\"ImageObject\",\"inLanguage\":\"ru-RU\",\"@id\":\"https:\/\/muuseumioo.muuseum.ee\/ru\/tutvustus\/#primaryimage\",\"url\":\"https:\/\/muuseumioo.muuseum.ee\/wp-content\/uploads\/2026\/02\/muuseumioo_2026-1024x416.png\",\"contentUrl\":\"https:\/\/muuseumioo.muuseum.ee\/wp-content\/uploads\/2026\/02\/muuseumioo_2026-1024x416.png\"},{\"@type\":\"BreadcrumbList\",\"@id\":\"https:\/\/muuseumioo.muuseum.ee\/ru\/tutvustus\/#breadcrumb\",\"itemListElement\":[{\"@type\":\"ListItem\",\"position\":1,\"name\":\"Home\",\"item\":\"https:\/\/muuseumioo.muuseum.ee\/ru\/\"},{\"@type\":\"ListItem\",\"position\":2,\"name\":\"O\u043f\u0438\u0441\u0430\u043d\u0438\u0435\"}]},{\"@type\":\"WebSite\",\"@id\":\"https:\/\/muuseumioo.muuseum.ee\/#website\",\"url\":\"https:\/\/muuseumioo.muuseum.ee\/\",\"name\":\"Muuseumi\u00f6\u00f6\",\"description\":\"Muuseumi\u00f6\u00f6 16.05.2026\",\"publisher\":{\"@id\":\"https:\/\/muuseumioo.muuseum.ee\/#organization\"},\"potentialAction\":[{\"@type\":\"SearchAction\",\"target\":{\"@type\":\"EntryPoint\",\"urlTemplate\":\"https:\/\/muuseumioo.muuseum.ee\/?s={search_term_string}\"},\"query-input\":{\"@type\":\"PropertyValueSpecification\",\"valueRequired\":true,\"valueName\":\"search_term_string\"}}],\"inLanguage\":\"ru-RU\"},{\"@type\":\"Organization\",\"@id\":\"https:\/\/muuseumioo.muuseum.ee\/#organization\",\"name\":\"\u00d6\u00f6muuseum\",\"url\":\"https:\/\/muuseumioo.muuseum.ee\/\",\"logo\":{\"@type\":\"ImageObject\",\"inLanguage\":\"ru-RU\",\"@id\":\"https:\/\/muuseumioo.muuseum.ee\/#\/schema\/logo\/image\/\",\"url\":\"https:\/\/muuseumioo.muuseum.ee\/wp-content\/uploads\/2025\/02\/1920x1080_muuseumioo_2025_VALIK.jpg\",\"contentUrl\":\"https:\/\/muuseumioo.muuseum.ee\/wp-content\/uploads\/2025\/02\/1920x1080_muuseumioo_2025_VALIK.jpg\",\"width\":1920,\"height\":1080,\"caption\":\"\u00d6\u00f6muuseum\"},\"image\":{\"@id\":\"https:\/\/muuseumioo.muuseum.ee\/#\/schema\/logo\/image\/\"},\"sameAs\":[\"https:\/\/www.facebook.com\/Muuseumioo\"]}]}<\/script>\n<!-- \/ Yoast SEO plugin. -->","yoast_head_json":{"title":"O\u043f\u0438\u0441\u0430\u043d\u0438\u0435 - Muuseumi\u00f6\u00f6","robots":{"index":"index","follow":"follow","max-snippet":"max-snippet:-1","max-image-preview":"max-image-preview:large","max-video-preview":"max-video-preview:-1"},"canonical":"https:\/\/muuseumioo.muuseum.ee\/ru\/tutvustus\/","og_locale":"ru_RU","og_type":"article","og_title":"O\u043f\u0438\u0441\u0430\u043d\u0438\u0435 - Muuseumi\u00f6\u00f6","og_description":"\u041d\u041e\u0427\u042c \u041c\u0423\u0417\u0415\u0415\u0412 \u0420\u0430\u0437 \u0432 \u0433\u043e\u0434\u0443, \u0441\u0443\u0431\u0431\u043e\u0442\u043d\u0438\u043c \u043c\u0430\u0439\u0441\u043a\u0438\u043c \u0432\u0435\u0447\u0435\u0440\u043e\u043c, \u043c\u0443\u0437\u0435\u0438 \u0438 \u0434\u0440\u0443\u0433\u0438\u0435 \u0443\u0447\u0440\u0435\u0436\u0434\u0435\u043d\u0438\u044f \u043f\u0430\u043c\u044f\u0442\u0438 \u0432\u043e \u0432\u0441\u0435\u0439 \u0415\u0432\u0440\u043e\u043f\u0435 \u043e\u0442\u043c\u0435\u0447\u0430\u044e\u0442 \u041d\u043e\u0447\u044c \u043c\u0443\u0437\u0435\u0435\u0432. \u0418\u0445 \u0434\u0432\u0435\u0440\u0438 \u043e\u0442\u043a\u0440\u044b\u0442\u044b \u0438 \u0432 \u0431\u043e\u043b\u0435\u0435 \u043f\u043e\u0437\u0434\u043d\u0435\u0435 \u0432\u0440\u0435\u043c\u044f, \u0447\u0435\u043c \u043e\u0431\u044b\u0447\u043d\u043e, \u0437\u0430 \u0441\u0438\u043c\u0432\u043e\u043b\u0438\u0447\u0435\u0441\u043a\u0443\u044e \u043f\u043b\u0430\u0442\u0443 \u0438\u043b\u0438 \u0436\u0435 \u0432\u043e\u0432\u0441\u0435 \u0431\u0435\u0441\u043f\u043b\u0430\u0442\u043d\u043e. \u0421\u043e\u044e\u0437 \u043c\u0443\u0437\u0435\u0435\u0432 \u042d\u0441\u0442\u043e\u043d\u0438\u0438 \u043e\u0440\u0433\u0430\u043d\u0438\u0437\u0443\u0435\u0442 \u041d\u043e\u0447\u044c \u043c\u0443\u0437\u0435\u0435\u0432 \u0441 2009 \u0433\u043e\u0434\u0430 \u2013 \u0442\u043e\u0433\u0434\u0430 \u0436\u0435 \u041d\u043e\u0447\u044c \u043c\u0443\u0437\u0435\u0435\u0432 \u0432\u043f\u0435\u0440\u0432\u044b\u0435 \u043f\u0440\u043e\u0448\u043b\u0430 \u043f\u043e \u0432\u0441\u0435\u0439 \u042d\u0441\u0442\u043e\u043d\u0438\u0438. [&hellip;]","og_url":"https:\/\/muuseumioo.muuseum.ee\/ru\/tutvustus\/","og_site_name":"Muuseumi\u00f6\u00f6","article_publisher":"https:\/\/www.facebook.com\/Muuseumioo","article_modified_time":"2026-02-11T13:52:47+00:00","og_image":[{"width":1623,"height":660,"url":"https:\/\/muuseumioo.muuseum.ee\/wp-content\/uploads\/2026\/02\/muuseumioo_2026.png","type":"image\/png"}],"twitter_card":"summary_large_image","twitter_misc":{"\u041f\u0440\u0438\u043c\u0435\u0440\u043d\u043e\u0435 \u0432\u0440\u0435\u043c\u044f \u0434\u043b\u044f \u0447\u0442\u0435\u043d\u0438\u044f":"2 \u043c\u0438\u043d\u0443\u0442\u044b"},"schema":{"@context":"https:\/\/schema.org","@graph":[{"@type":"WebPage","@id":"https:\/\/muuseumioo.muuseum.ee\/ru\/tutvustus\/","url":"https:\/\/muuseumioo.muuseum.ee\/ru\/tutvustus\/","name":"O\u043f\u0438\u0441\u0430\u043d\u0438\u0435 - Muuseumi\u00f6\u00f6","isPartOf":{"@id":"https:\/\/muuseumioo.muuseum.ee\/#website"},"primaryImageOfPage":{"@id":"https:\/\/muuseumioo.muuseum.ee\/ru\/tutvustus\/#primaryimage"},"image":{"@id":"https:\/\/muuseumioo.muuseum.ee\/ru\/tutvustus\/#primaryimage"},"thumbnailUrl":"https:\/\/muuseumioo.muuseum.ee\/wp-content\/uploads\/2026\/02\/muuseumioo_2026-1024x416.png","datePublished":"2024-01-31T07:13:14+00:00","dateModified":"2026-02-11T13:52:47+00:00","breadcrumb":{"@id":"https:\/\/muuseumioo.muuseum.ee\/ru\/tutvustus\/#breadcrumb"},"inLanguage":"ru-RU","potentialAction":[{"@type":"ReadAction","target":["https:\/\/muuseumioo.muuseum.ee\/ru\/tutvustus\/"]}]},{"@type":"ImageObject","inLanguage":"ru-RU","@id":"https:\/\/muuseumioo.muuseum.ee\/ru\/tutvustus\/#primaryimage","url":"https:\/\/muuseumioo.muuseum.ee\/wp-content\/uploads\/2026\/02\/muuseumioo_2026-1024x416.png","contentUrl":"https:\/\/muuseumioo.muuseum.ee\/wp-content\/uploads\/2026\/02\/muuseumioo_2026-1024x416.png"},{"@type":"BreadcrumbList","@id":"https:\/\/muuseumioo.muuseum.ee\/ru\/tutvustus\/#breadcrumb","itemListElement":[{"@type":"ListItem","position":1,"name":"Home","item":"https:\/\/muuseumioo.muuseum.ee\/ru\/"},{"@type":"ListItem","position":2,"name":"O\u043f\u0438\u0441\u0430\u043d\u0438\u0435"}]},{"@type":"WebSite","@id":"https:\/\/muuseumioo.muuseum.ee\/#website","url":"https:\/\/muuseumioo.muuseum.ee\/","name":"Muuseumi\u00f6\u00f6","description":"Muuseumi\u00f6\u00f6 16.05.2026","publisher":{"@id":"https:\/\/muuseumioo.muuseum.ee\/#organization"},"potentialAction":[{"@type":"SearchAction","target":{"@type":"EntryPoint","urlTemplate":"https:\/\/muuseumioo.muuseum.ee\/?s={search_term_string}"},"query-input":{"@type":"PropertyValueSpecification","valueRequired":true,"valueName":"search_term_string"}}],"inLanguage":"ru-RU"},{"@type":"Organization","@id":"https:\/\/muuseumioo.muuseum.ee\/#organization","name":"\u00d6\u00f6muuseum","url":"https:\/\/muuseumioo.muuseum.ee\/","logo":{"@type":"ImageObject","inLanguage":"ru-RU","@id":"https:\/\/muuseumioo.muuseum.ee\/#\/schema\/logo\/image\/","url":"https:\/\/muuseumioo.muuseum.ee\/wp-content\/uploads\/2025\/02\/1920x1080_muuseumioo_2025_VALIK.jpg","contentUrl":"https:\/\/muuseumioo.muuseum.ee\/wp-content\/uploads\/2025\/02\/1920x1080_muuseumioo_2025_VALIK.jpg","width":1920,"height":1080,"caption":"\u00d6\u00f6muuseum"},"image":{"@id":"https:\/\/muuseumioo.muuseum.ee\/#\/schema\/logo\/image\/"},"sameAs":["https:\/\/www.facebook.com\/Muuseumioo"]}]}},"_links":{"self":[{"href":"https:\/\/muuseumioo.muuseum.ee\/ru\/wp-json\/wp\/v2\/pages\/564","targetHints":{"allow":["GET"]}}],"collection":[{"href":"https:\/\/muuseumioo.muuseum.ee\/ru\/wp-json\/wp\/v2\/pages"}],"about":[{"href":"https:\/\/muuseumioo.muuseum.ee\/ru\/wp-json\/wp\/v2\/types\/page"}],"author":[{"embeddable":true,"href":"https:\/\/muuseumioo.muuseum.ee\/ru\/wp-json\/wp\/v2\/users\/2"}],"replies":[{"embeddable":true,"href":"https:\/\/muuseumioo.muuseum.ee\/ru\/wp-json\/wp\/v2\/comments?post=564"}],"version-history":[{"count":9,"href":"https:\/\/muuseumioo.muuseum.ee\/ru\/wp-json\/wp\/v2\/pages\/564\/revisions"}],"predecessor-version":[{"id":13199,"href":"https:\/\/muuseumioo.muuseum.ee\/ru\/wp-json\/wp\/v2\/pages\/564\/revisions\/13199"}],"wp:attachment":[{"href":"https:\/\/muuseumioo.muuseum.ee\/ru\/wp-json\/wp\/v2\/media?parent=564"}],"curies":[{"name":"wp","href":"https:\/\/api.w.org\/{rel}","templated":true}]}}