{"id":563,"date":"2024-01-31T09:13:14","date_gmt":"2024-01-31T07:13:14","guid":{"rendered":"https:\/\/muuseumioo.muuseum.ee\/tutvustus\/"},"modified":"2026-04-06T16:47:40","modified_gmt":"2026-04-06T13:47:40","slug":"tutvustus","status":"publish","type":"page","link":"https:\/\/muuseumioo.muuseum.ee\/en\/tutvustus\/","title":{"rendered":"Introduction"},"content":{"rendered":"<div class=\"wp-block-cover alignfull has-custom-content-position is-position-bottom-left rbc-is-hidden-on-mobile rbc-is-hidden-on-tablet\" style=\"min-height:595px;aspect-ratio:unset;\"><img loading=\"lazy\" decoding=\"async\" width=\"1024\" height=\"416\" class=\"wp-block-cover__image-background wp-image-13169 size-large\" alt=\"\" src=\"https:\/\/muuseumioo.muuseum.ee\/wp-content\/uploads\/2026\/02\/muuseumioo_2026-1024x416.png\" data-object-fit=\"cover\" srcset=\"https:\/\/muuseumioo.muuseum.ee\/wp-content\/uploads\/2026\/02\/muuseumioo_2026-1024x416.png 1024w, https:\/\/muuseumioo.muuseum.ee\/wp-content\/uploads\/2026\/02\/muuseumioo_2026-300x122.png 300w, https:\/\/muuseumioo.muuseum.ee\/wp-content\/uploads\/2026\/02\/muuseumioo_2026-768x312.png 768w, https:\/\/muuseumioo.muuseum.ee\/wp-content\/uploads\/2026\/02\/muuseumioo_2026-1536x625.png 1536w, https:\/\/muuseumioo.muuseum.ee\/wp-content\/uploads\/2026\/02\/muuseumioo_2026-1568x638.png 1568w, https:\/\/muuseumioo.muuseum.ee\/wp-content\/uploads\/2026\/02\/muuseumioo_2026.png 1623w\" sizes=\"auto, (max-width: 1024px) 100vw, 1024px\" \/><span aria-hidden=\"true\" class=\"wp-block-cover__background has-background-dim-10 has-background-dim\" style=\"background-color:#dd4c4c\"><\/span><div class=\"wp-block-cover__inner-container is-layout-flow wp-block-cover-is-layout-flow\"><h1 class=\"wp-block-heading has-text-align-center has-white-color has-text-color has-link-color has-large-font-size wp-elements-aaea8167b69b8bd5358bd139f4f10a02\">INTRODUCTION<\/h1><\/div><\/div><figure class=\"wp-block-image alignwide size-large rbc-is-hidden-on-mobile rbc-is-hidden-on-wide rbc-is-hidden-on-desktop\"><img loading=\"lazy\" decoding=\"async\" width=\"1024\" height=\"416\" src=\"https:\/\/muuseumioo.muuseum.ee\/wp-content\/uploads\/2026\/02\/muuseumioo_2026-1024x416.png\" alt=\"\" class=\"wp-image-13169\" srcset=\"https:\/\/muuseumioo.muuseum.ee\/wp-content\/uploads\/2026\/02\/muuseumioo_2026-1024x416.png 1024w, https:\/\/muuseumioo.muuseum.ee\/wp-content\/uploads\/2026\/02\/muuseumioo_2026-300x122.png 300w, https:\/\/muuseumioo.muuseum.ee\/wp-content\/uploads\/2026\/02\/muuseumioo_2026-768x312.png 768w, https:\/\/muuseumioo.muuseum.ee\/wp-content\/uploads\/2026\/02\/muuseumioo_2026-1536x625.png 1536w, https:\/\/muuseumioo.muuseum.ee\/wp-content\/uploads\/2026\/02\/muuseumioo_2026-1568x638.png 1568w, https:\/\/muuseumioo.muuseum.ee\/wp-content\/uploads\/2026\/02\/muuseumioo_2026.png 1623w\" sizes=\"auto, (max-width: 1024px) 100vw, 1024px\" \/><\/figure><figure class=\"wp-block-image alignwide size-full rbc-is-hidden-on-tablet rbc-is-hidden-on-wide rbc-is-hidden-on-desktop\"><img loading=\"lazy\" decoding=\"async\" width=\"1623\" height=\"660\" src=\"https:\/\/muuseumioo.muuseum.ee\/wp-content\/uploads\/2026\/02\/muuseumioo_2026.png\" alt=\"\" class=\"wp-image-13169\" srcset=\"https:\/\/muuseumioo.muuseum.ee\/wp-content\/uploads\/2026\/02\/muuseumioo_2026.png 1623w, https:\/\/muuseumioo.muuseum.ee\/wp-content\/uploads\/2026\/02\/muuseumioo_2026-300x122.png 300w, https:\/\/muuseumioo.muuseum.ee\/wp-content\/uploads\/2026\/02\/muuseumioo_2026-1024x416.png 1024w, https:\/\/muuseumioo.muuseum.ee\/wp-content\/uploads\/2026\/02\/muuseumioo_2026-768x312.png 768w, https:\/\/muuseumioo.muuseum.ee\/wp-content\/uploads\/2026\/02\/muuseumioo_2026-1536x625.png 1536w, https:\/\/muuseumioo.muuseum.ee\/wp-content\/uploads\/2026\/02\/muuseumioo_2026-1568x638.png 1568w\" sizes=\"auto, (max-width: 1623px) 100vw, 1623px\" \/><\/figure><div style=\"height:20px\" aria-hidden=\"true\" class=\"wp-block-spacer\"><\/div><h2 class=\"wp-block-heading has-text-align-center\">MUSEUM NIGHT<\/h2><p class=\"has-text-align-center\" style=\"font-style:normal;font-weight:400\">One Saturday evening in May each year, museums and other memory institutions open their doors later than usual, at a symbolic price or even for free, to celebrate the pan-European Museum Night. The Estonian Museum Association has been organising Museum Nights since 2009. It was also the first time that the Museum Night was held all over Estonia.<\/p><p class=\"has-text-align-center\" style=\"font-style:normal;font-weight:400\"><\/p><p class=\"has-text-align-center\" style=\"font-style:normal;font-weight:400\">The Museum Association has organised the Museum Night on 14 occasions.<\/p><p class=\"has-text-align-center\" style=\"font-style:normal;font-weight:400\"><\/p><p class=\"has-text-align-center\">Museum Night is organised every year by Estonian museums together with the Estonian Museum Association. The motto of the first Museum Night was &#8220;Things in the Night&#8221;, in 2010, &#8220;Stories in the Night&#8221;, in 2011, &#8220;Treasures in the Night&#8221;, in 2012, &#8220;Cinema in the Night&#8221;, in 2013, &#8220;People in the Night&#8221;, in 2014, \u201cStars in the Night\u201d, in 2015, \u201cMusic in the Night\u201d, in 2016, \u201cWaves in the Night\u201d, in 2017, \u201cGames in the Night\u201d, in <a href=\"https:\/\/muuseum.ee\/muuseumioo-2018\/\">2018, \u201cNight of Parties\u201d<\/a> and in <a href=\"https:\/\/muuseum.ee\/muuseumioo-2019\/\">2019, \u201cNight of Patterns\u201d<\/a> , in <a href=\"https:\/\/muuseum.ee\/muuseumioo\/muuseumioo-2020\/\">2020, &#8220;Time in the Night&#8221;<\/a>, in <a href=\"https:\/\/muuseum.ee\/muuseumioo\/muuseumioo-2020-2\/\">2022 &#8220;Dreams in the Night&#8221;<\/a> and in <a href=\"https:\/\/muuseum.ee\/muuseumioo-2023\/\">2023, &#8220;Movement in the Night&#8221;<\/a>, <a href=\"https:\/\/muuseum.ee\/muuseumioo\/muuseumioo-2024\/\">2024 &#8220;Freedom in the Night&#8221;<\/a>, <br>2025 &#8220;Night of Books&#8221; and in 2026 &#8220;Night of Voices&#8221;.<\/p><p class=\"has-text-align-center\">In 2019, more than 102,000 museum visits were made on Museum Night.<\/p><p class=\"has-text-align-center\">In 2023, nearly 70,000 visitors and 188 museums and memorial institutions participated.<\/p><p class=\"has-text-align-center\" style=\"font-style:normal;font-weight:400\"><a href=\"https:\/\/www.facebook.com\/Muuseumioo\">Museum Night on Facebook<\/a><br><a href=\"https:\/\/www.instagram.com\/estonianmuseums\/\">Museum Night on Instagram<\/a><\/p><div style=\"height:20px\" aria-hidden=\"true\" class=\"wp-block-spacer\"><\/div><p><\/p>","protected":false},"excerpt":{"rendered":"<p>MUSEUM NIGHT One Saturday evening in May each year, museums and other memory institutions open their doors later than usual, at a symbolic price or even for free, to celebrate the pan-European Museum Night. The Estonian Museum Association has been organising Museum Nights since 2009. It was also the first time that the Museum Night [&hellip;]<\/p>\n","protected":false},"author":2,"featured_media":0,"parent":0,"menu_order":0,"comment_status":"closed","ping_status":"closed","template":"","meta":{"_acf_changed":false,"footnotes":""},"class_list":["post-563","page","type-page","status-publish","hentry"],"acf":[],"yoast_head":"<!-- This site is optimized with the Yoast SEO plugin v26.8 - https:\/\/yoast.com\/product\/yoast-seo-wordpress\/ -->\n<title>Introduction - Muuseumi\u00f6\u00f6<\/title>\n<meta name=\"robots\" content=\"index, follow, max-snippet:-1, max-image-preview:large, max-video-preview:-1\" \/>\n<link rel=\"canonical\" href=\"https:\/\/muuseumioo.muuseum.ee\/en\/tutvustus\/\" \/>\n<meta property=\"og:locale\" content=\"en_US\" \/>\n<meta property=\"og:type\" content=\"article\" \/>\n<meta property=\"og:title\" content=\"Introduction - Muuseumi\u00f6\u00f6\" \/>\n<meta property=\"og:description\" content=\"MUSEUM NIGHT One Saturday evening in May each year, museums and other memory institutions open their doors later than usual, at a symbolic price or even for free, to celebrate the pan-European Museum Night. The Estonian Museum Association has been organising Museum Nights since 2009. It was also the first time that the Museum Night [&hellip;]\" \/>\n<meta property=\"og:url\" content=\"https:\/\/muuseumioo.muuseum.ee\/en\/tutvustus\/\" \/>\n<meta property=\"og:site_name\" content=\"Muuseumi\u00f6\u00f6\" \/>\n<meta property=\"article:publisher\" content=\"https:\/\/www.facebook.com\/Muuseumioo\" \/>\n<meta property=\"article:modified_time\" content=\"2026-04-06T13:47:40+00:00\" \/>\n<meta property=\"og:image\" content=\"https:\/\/muuseumioo.muuseum.ee\/wp-content\/uploads\/2026\/02\/muuseumioo_2026.png\" \/>\n\t<meta property=\"og:image:width\" content=\"1623\" \/>\n\t<meta property=\"og:image:height\" content=\"660\" \/>\n\t<meta property=\"og:image:type\" content=\"image\/png\" \/>\n<meta name=\"twitter:card\" content=\"summary_large_image\" \/>\n<meta name=\"twitter:label1\" content=\"Est. reading time\" \/>\n\t<meta name=\"twitter:data1\" content=\"2 minutes\" \/>\n<script type=\"application\/ld+json\" class=\"yoast-schema-graph\">{\"@context\":\"https:\/\/schema.org\",\"@graph\":[{\"@type\":\"WebPage\",\"@id\":\"https:\/\/muuseumioo.muuseum.ee\/en\/tutvustus\/\",\"url\":\"https:\/\/muuseumioo.muuseum.ee\/en\/tutvustus\/\",\"name\":\"Introduction - Muuseumi\u00f6\u00f6\",\"isPartOf\":{\"@id\":\"https:\/\/muuseumioo.muuseum.ee\/#website\"},\"primaryImageOfPage\":{\"@id\":\"https:\/\/muuseumioo.muuseum.ee\/en\/tutvustus\/#primaryimage\"},\"image\":{\"@id\":\"https:\/\/muuseumioo.muuseum.ee\/en\/tutvustus\/#primaryimage\"},\"thumbnailUrl\":\"https:\/\/muuseumioo.muuseum.ee\/wp-content\/uploads\/2026\/02\/muuseumioo_2026-1024x416.png\",\"datePublished\":\"2024-01-31T07:13:14+00:00\",\"dateModified\":\"2026-04-06T13:47:40+00:00\",\"breadcrumb\":{\"@id\":\"https:\/\/muuseumioo.muuseum.ee\/en\/tutvustus\/#breadcrumb\"},\"inLanguage\":\"en-US\",\"potentialAction\":[{\"@type\":\"ReadAction\",\"target\":[\"https:\/\/muuseumioo.muuseum.ee\/en\/tutvustus\/\"]}]},{\"@type\":\"ImageObject\",\"inLanguage\":\"en-US\",\"@id\":\"https:\/\/muuseumioo.muuseum.ee\/en\/tutvustus\/#primaryimage\",\"url\":\"https:\/\/muuseumioo.muuseum.ee\/wp-content\/uploads\/2026\/02\/muuseumioo_2026-1024x416.png\",\"contentUrl\":\"https:\/\/muuseumioo.muuseum.ee\/wp-content\/uploads\/2026\/02\/muuseumioo_2026-1024x416.png\"},{\"@type\":\"BreadcrumbList\",\"@id\":\"https:\/\/muuseumioo.muuseum.ee\/en\/tutvustus\/#breadcrumb\",\"itemListElement\":[{\"@type\":\"ListItem\",\"position\":1,\"name\":\"Home\",\"item\":\"https:\/\/muuseumioo.muuseum.ee\/en\/\"},{\"@type\":\"ListItem\",\"position\":2,\"name\":\"Introduction\"}]},{\"@type\":\"WebSite\",\"@id\":\"https:\/\/muuseumioo.muuseum.ee\/#website\",\"url\":\"https:\/\/muuseumioo.muuseum.ee\/\",\"name\":\"Muuseumi\u00f6\u00f6\",\"description\":\"Muuseumi\u00f6\u00f6 16.05.2026\",\"publisher\":{\"@id\":\"https:\/\/muuseumioo.muuseum.ee\/#organization\"},\"potentialAction\":[{\"@type\":\"SearchAction\",\"target\":{\"@type\":\"EntryPoint\",\"urlTemplate\":\"https:\/\/muuseumioo.muuseum.ee\/?s={search_term_string}\"},\"query-input\":{\"@type\":\"PropertyValueSpecification\",\"valueRequired\":true,\"valueName\":\"search_term_string\"}}],\"inLanguage\":\"en-US\"},{\"@type\":\"Organization\",\"@id\":\"https:\/\/muuseumioo.muuseum.ee\/#organization\",\"name\":\"\u00d6\u00f6muuseum\",\"url\":\"https:\/\/muuseumioo.muuseum.ee\/\",\"logo\":{\"@type\":\"ImageObject\",\"inLanguage\":\"en-US\",\"@id\":\"https:\/\/muuseumioo.muuseum.ee\/#\/schema\/logo\/image\/\",\"url\":\"https:\/\/muuseumioo.muuseum.ee\/wp-content\/uploads\/2025\/02\/1920x1080_muuseumioo_2025_VALIK.jpg\",\"contentUrl\":\"https:\/\/muuseumioo.muuseum.ee\/wp-content\/uploads\/2025\/02\/1920x1080_muuseumioo_2025_VALIK.jpg\",\"width\":1920,\"height\":1080,\"caption\":\"\u00d6\u00f6muuseum\"},\"image\":{\"@id\":\"https:\/\/muuseumioo.muuseum.ee\/#\/schema\/logo\/image\/\"},\"sameAs\":[\"https:\/\/www.facebook.com\/Muuseumioo\"]}]}<\/script>\n<!-- \/ Yoast SEO plugin. -->","yoast_head_json":{"title":"Introduction - Muuseumi\u00f6\u00f6","robots":{"index":"index","follow":"follow","max-snippet":"max-snippet:-1","max-image-preview":"max-image-preview:large","max-video-preview":"max-video-preview:-1"},"canonical":"https:\/\/muuseumioo.muuseum.ee\/en\/tutvustus\/","og_locale":"en_US","og_type":"article","og_title":"Introduction - Muuseumi\u00f6\u00f6","og_description":"MUSEUM NIGHT One Saturday evening in May each year, museums and other memory institutions open their doors later than usual, at a symbolic price or even for free, to celebrate the pan-European Museum Night. The Estonian Museum Association has been organising Museum Nights since 2009. It was also the first time that the Museum Night [&hellip;]","og_url":"https:\/\/muuseumioo.muuseum.ee\/en\/tutvustus\/","og_site_name":"Muuseumi\u00f6\u00f6","article_publisher":"https:\/\/www.facebook.com\/Muuseumioo","article_modified_time":"2026-04-06T13:47:40+00:00","og_image":[{"width":1623,"height":660,"url":"https:\/\/muuseumioo.muuseum.ee\/wp-content\/uploads\/2026\/02\/muuseumioo_2026.png","type":"image\/png"}],"twitter_card":"summary_large_image","twitter_misc":{"Est. reading time":"2 minutes"},"schema":{"@context":"https:\/\/schema.org","@graph":[{"@type":"WebPage","@id":"https:\/\/muuseumioo.muuseum.ee\/en\/tutvustus\/","url":"https:\/\/muuseumioo.muuseum.ee\/en\/tutvustus\/","name":"Introduction - Muuseumi\u00f6\u00f6","isPartOf":{"@id":"https:\/\/muuseumioo.muuseum.ee\/#website"},"primaryImageOfPage":{"@id":"https:\/\/muuseumioo.muuseum.ee\/en\/tutvustus\/#primaryimage"},"image":{"@id":"https:\/\/muuseumioo.muuseum.ee\/en\/tutvustus\/#primaryimage"},"thumbnailUrl":"https:\/\/muuseumioo.muuseum.ee\/wp-content\/uploads\/2026\/02\/muuseumioo_2026-1024x416.png","datePublished":"2024-01-31T07:13:14+00:00","dateModified":"2026-04-06T13:47:40+00:00","breadcrumb":{"@id":"https:\/\/muuseumioo.muuseum.ee\/en\/tutvustus\/#breadcrumb"},"inLanguage":"en-US","potentialAction":[{"@type":"ReadAction","target":["https:\/\/muuseumioo.muuseum.ee\/en\/tutvustus\/"]}]},{"@type":"ImageObject","inLanguage":"en-US","@id":"https:\/\/muuseumioo.muuseum.ee\/en\/tutvustus\/#primaryimage","url":"https:\/\/muuseumioo.muuseum.ee\/wp-content\/uploads\/2026\/02\/muuseumioo_2026-1024x416.png","contentUrl":"https:\/\/muuseumioo.muuseum.ee\/wp-content\/uploads\/2026\/02\/muuseumioo_2026-1024x416.png"},{"@type":"BreadcrumbList","@id":"https:\/\/muuseumioo.muuseum.ee\/en\/tutvustus\/#breadcrumb","itemListElement":[{"@type":"ListItem","position":1,"name":"Home","item":"https:\/\/muuseumioo.muuseum.ee\/en\/"},{"@type":"ListItem","position":2,"name":"Introduction"}]},{"@type":"WebSite","@id":"https:\/\/muuseumioo.muuseum.ee\/#website","url":"https:\/\/muuseumioo.muuseum.ee\/","name":"Muuseumi\u00f6\u00f6","description":"Muuseumi\u00f6\u00f6 16.05.2026","publisher":{"@id":"https:\/\/muuseumioo.muuseum.ee\/#organization"},"potentialAction":[{"@type":"SearchAction","target":{"@type":"EntryPoint","urlTemplate":"https:\/\/muuseumioo.muuseum.ee\/?s={search_term_string}"},"query-input":{"@type":"PropertyValueSpecification","valueRequired":true,"valueName":"search_term_string"}}],"inLanguage":"en-US"},{"@type":"Organization","@id":"https:\/\/muuseumioo.muuseum.ee\/#organization","name":"\u00d6\u00f6muuseum","url":"https:\/\/muuseumioo.muuseum.ee\/","logo":{"@type":"ImageObject","inLanguage":"en-US","@id":"https:\/\/muuseumioo.muuseum.ee\/#\/schema\/logo\/image\/","url":"https:\/\/muuseumioo.muuseum.ee\/wp-content\/uploads\/2025\/02\/1920x1080_muuseumioo_2025_VALIK.jpg","contentUrl":"https:\/\/muuseumioo.muuseum.ee\/wp-content\/uploads\/2025\/02\/1920x1080_muuseumioo_2025_VALIK.jpg","width":1920,"height":1080,"caption":"\u00d6\u00f6muuseum"},"image":{"@id":"https:\/\/muuseumioo.muuseum.ee\/#\/schema\/logo\/image\/"},"sameAs":["https:\/\/www.facebook.com\/Muuseumioo"]}]}},"_links":{"self":[{"href":"https:\/\/muuseumioo.muuseum.ee\/en\/wp-json\/wp\/v2\/pages\/563","targetHints":{"allow":["GET"]}}],"collection":[{"href":"https:\/\/muuseumioo.muuseum.ee\/en\/wp-json\/wp\/v2\/pages"}],"about":[{"href":"https:\/\/muuseumioo.muuseum.ee\/en\/wp-json\/wp\/v2\/types\/page"}],"author":[{"embeddable":true,"href":"https:\/\/muuseumioo.muuseum.ee\/en\/wp-json\/wp\/v2\/users\/2"}],"replies":[{"embeddable":true,"href":"https:\/\/muuseumioo.muuseum.ee\/en\/wp-json\/wp\/v2\/comments?post=563"}],"version-history":[{"count":13,"href":"https:\/\/muuseumioo.muuseum.ee\/en\/wp-json\/wp\/v2\/pages\/563\/revisions"}],"predecessor-version":[{"id":15038,"href":"https:\/\/muuseumioo.muuseum.ee\/en\/wp-json\/wp\/v2\/pages\/563\/revisions\/15038"}],"wp:attachment":[{"href":"https:\/\/muuseumioo.muuseum.ee\/en\/wp-json\/wp\/v2\/media?parent=563"}],"curies":[{"name":"wp","href":"https:\/\/api.w.org\/{rel}","templated":true}]}}