{"id":561,"date":"2024-01-16T10:05:46","date_gmt":"2024-01-16T08:05:46","guid":{"rendered":"https:\/\/muuseumioo.muuseum.ee\/home\/"},"modified":"2026-02-11T15:51:53","modified_gmt":"2026-02-11T13:51:53","slug":"home","status":"publish","type":"page","link":"https:\/\/muuseumioo.muuseum.ee\/en\/","title":{"rendered":"Home"},"content":{"rendered":"<div class=\"wp-block-cover alignfull rbc-is-hidden-on-mobile rbc-is-hidden-on-tablet\" style=\"padding-top:var(--wp--preset--spacing--70);padding-bottom:var(--wp--preset--spacing--70);min-height:595px;aspect-ratio:unset;\"><img loading=\"lazy\" decoding=\"async\" width=\"1024\" height=\"416\" class=\"wp-block-cover__image-background wp-image-13169 size-large\" alt=\"\" src=\"https:\/\/muuseumioo.muuseum.ee\/wp-content\/uploads\/2026\/02\/muuseumioo_2026-1024x416.png\" data-object-fit=\"cover\" srcset=\"https:\/\/muuseumioo.muuseum.ee\/wp-content\/uploads\/2026\/02\/muuseumioo_2026-1024x416.png 1024w, https:\/\/muuseumioo.muuseum.ee\/wp-content\/uploads\/2026\/02\/muuseumioo_2026-300x122.png 300w, https:\/\/muuseumioo.muuseum.ee\/wp-content\/uploads\/2026\/02\/muuseumioo_2026-768x312.png 768w, https:\/\/muuseumioo.muuseum.ee\/wp-content\/uploads\/2026\/02\/muuseumioo_2026-1536x625.png 1536w, https:\/\/muuseumioo.muuseum.ee\/wp-content\/uploads\/2026\/02\/muuseumioo_2026-1568x638.png 1568w, https:\/\/muuseumioo.muuseum.ee\/wp-content\/uploads\/2026\/02\/muuseumioo_2026.png 1623w\" sizes=\"auto, (max-width: 1024px) 100vw, 1024px\" \/><span aria-hidden=\"true\" class=\"wp-block-cover__background has-background-dim-10 has-background-dim\" style=\"background-color:#dd4c4c\"><\/span><div class=\"wp-block-cover__inner-container is-layout-flow wp-block-cover-is-layout-flow\"><p class=\"has-text-align-center has-large-font-size\"><\/p><\/div><\/div><figure class=\"wp-block-image alignfull size-large rbc-is-hidden-on-mobile rbc-is-hidden-on-wide rbc-is-hidden-on-desktop\"><img loading=\"lazy\" decoding=\"async\" width=\"1024\" height=\"416\" src=\"https:\/\/muuseumioo.muuseum.ee\/wp-content\/uploads\/2026\/02\/muuseumioo_2026-1024x416.png\" alt=\"\" class=\"wp-image-13169\" srcset=\"https:\/\/muuseumioo.muuseum.ee\/wp-content\/uploads\/2026\/02\/muuseumioo_2026-1024x416.png 1024w, https:\/\/muuseumioo.muuseum.ee\/wp-content\/uploads\/2026\/02\/muuseumioo_2026-300x122.png 300w, https:\/\/muuseumioo.muuseum.ee\/wp-content\/uploads\/2026\/02\/muuseumioo_2026-768x312.png 768w, https:\/\/muuseumioo.muuseum.ee\/wp-content\/uploads\/2026\/02\/muuseumioo_2026-1536x625.png 1536w, https:\/\/muuseumioo.muuseum.ee\/wp-content\/uploads\/2026\/02\/muuseumioo_2026-1568x638.png 1568w, https:\/\/muuseumioo.muuseum.ee\/wp-content\/uploads\/2026\/02\/muuseumioo_2026.png 1623w\" sizes=\"auto, (max-width: 1024px) 100vw, 1024px\" \/><\/figure><figure class=\"wp-block-image alignfull size-full rbc-is-hidden-on-tablet rbc-is-hidden-on-wide rbc-is-hidden-on-desktop\"><img loading=\"lazy\" decoding=\"async\" width=\"1623\" height=\"660\" src=\"https:\/\/muuseumioo.muuseum.ee\/wp-content\/uploads\/2026\/02\/muuseumioo_2026.png\" alt=\"\" class=\"wp-image-13169\" srcset=\"https:\/\/muuseumioo.muuseum.ee\/wp-content\/uploads\/2026\/02\/muuseumioo_2026.png 1623w, https:\/\/muuseumioo.muuseum.ee\/wp-content\/uploads\/2026\/02\/muuseumioo_2026-300x122.png 300w, https:\/\/muuseumioo.muuseum.ee\/wp-content\/uploads\/2026\/02\/muuseumioo_2026-1024x416.png 1024w, https:\/\/muuseumioo.muuseum.ee\/wp-content\/uploads\/2026\/02\/muuseumioo_2026-768x312.png 768w, https:\/\/muuseumioo.muuseum.ee\/wp-content\/uploads\/2026\/02\/muuseumioo_2026-1536x625.png 1536w, https:\/\/muuseumioo.muuseum.ee\/wp-content\/uploads\/2026\/02\/muuseumioo_2026-1568x638.png 1568w\" sizes=\"auto, (max-width: 1623px) 100vw, 1623px\" \/><\/figure><div style=\"height:21px\" aria-hidden=\"true\" class=\"wp-block-spacer hidemobile\"><\/div><h2 class=\"wp-block-heading alignwide has-text-align-center\" style=\"padding-right:var(--wp--preset--spacing--60);padding-left:var(--wp--preset--spacing--60);font-size:27px;text-transform:uppercase\">ALMOST 200 MUSEUMS AND MEMORIAL INSTITUTIONS ACROSS ESTONIA WILL OPEN THEIR DOORS TO CELEBRATE INTERNATIONAL MUSEUM NIGHT!<\/h2><div style=\"height:20px\" aria-hidden=\"true\" class=\"wp-block-spacer\"><\/div>","protected":false},"excerpt":{"rendered":"<p>ALMOST 200 MUSEUMS AND MEMORIAL INSTITUTIONS ACROSS ESTONIA WILL OPEN THEIR DOORS TO CELEBRATE INTERNATIONAL MUSEUM NIGHT!<\/p>\n","protected":false},"author":1,"featured_media":0,"parent":0,"menu_order":0,"comment_status":"closed","ping_status":"closed","template":"","meta":{"_acf_changed":false,"footnotes":""},"class_list":["post-561","page","type-page","status-publish","hentry"],"acf":[],"yoast_head":"<!-- This site is optimized with the Yoast SEO plugin v26.8 - https:\/\/yoast.com\/product\/yoast-seo-wordpress\/ -->\n<title>Museum Night<\/title>\n<meta name=\"description\" content=\"Once a year, on a Saturday evening in May, museums and other memory institutions open their doors to celebrate the European Museum Night.\" \/>\n<meta name=\"robots\" content=\"index, follow, max-snippet:-1, max-image-preview:large, max-video-preview:-1\" \/>\n<link rel=\"canonical\" href=\"https:\/\/muuseumioo.muuseum.ee\/en\/\" \/>\n<meta property=\"og:locale\" content=\"en_US\" \/>\n<meta property=\"og:type\" content=\"article\" \/>\n<meta property=\"og:title\" content=\"Museum Night\" \/>\n<meta property=\"og:description\" content=\"Once a year, on a Saturday evening in May, museums and other memory institutions open their doors to celebrate the European Museum Night.\" \/>\n<meta property=\"og:url\" content=\"https:\/\/muuseumioo.muuseum.ee\/en\/\" \/>\n<meta property=\"og:site_name\" content=\"Muuseumi\u00f6\u00f6\" \/>\n<meta property=\"article:publisher\" content=\"https:\/\/www.facebook.com\/Muuseumioo\" \/>\n<meta property=\"article:modified_time\" content=\"2026-02-11T13:51:53+00:00\" \/>\n<meta property=\"og:image\" content=\"https:\/\/muuseumioo.muuseum.ee\/wp-content\/uploads\/2026\/02\/muuseumioo_2026.png\" \/>\n\t<meta property=\"og:image:width\" content=\"1623\" \/>\n\t<meta property=\"og:image:height\" content=\"660\" \/>\n\t<meta property=\"og:image:type\" content=\"image\/png\" \/>\n<meta name=\"twitter:card\" content=\"summary_large_image\" \/>\n<meta name=\"twitter:label1\" content=\"Est. reading time\" \/>\n\t<meta name=\"twitter:data1\" content=\"1 minute\" \/>\n<script type=\"application\/ld+json\" class=\"yoast-schema-graph\">{\"@context\":\"https:\/\/schema.org\",\"@graph\":[{\"@type\":\"WebPage\",\"@id\":\"https:\/\/muuseumioo.muuseum.ee\/en\/\",\"url\":\"https:\/\/muuseumioo.muuseum.ee\/en\/\",\"name\":\"Museum Night\",\"isPartOf\":{\"@id\":\"https:\/\/muuseumioo.muuseum.ee\/#website\"},\"primaryImageOfPage\":{\"@id\":\"https:\/\/muuseumioo.muuseum.ee\/en\/#primaryimage\"},\"image\":{\"@id\":\"https:\/\/muuseumioo.muuseum.ee\/en\/#primaryimage\"},\"thumbnailUrl\":\"https:\/\/muuseumioo.muuseum.ee\/wp-content\/uploads\/2026\/02\/muuseumioo_2026-1024x416.png\",\"datePublished\":\"2024-01-16T08:05:46+00:00\",\"dateModified\":\"2026-02-11T13:51:53+00:00\",\"description\":\"Once a year, on a Saturday evening in May, museums and other memory institutions open their doors to celebrate the European Museum Night.\",\"breadcrumb\":{\"@id\":\"https:\/\/muuseumioo.muuseum.ee\/en\/#breadcrumb\"},\"inLanguage\":\"en-US\",\"potentialAction\":[{\"@type\":\"ReadAction\",\"target\":[\"https:\/\/muuseumioo.muuseum.ee\/en\/\"]}]},{\"@type\":\"ImageObject\",\"inLanguage\":\"en-US\",\"@id\":\"https:\/\/muuseumioo.muuseum.ee\/en\/#primaryimage\",\"url\":\"https:\/\/muuseumioo.muuseum.ee\/wp-content\/uploads\/2026\/02\/muuseumioo_2026-1024x416.png\",\"contentUrl\":\"https:\/\/muuseumioo.muuseum.ee\/wp-content\/uploads\/2026\/02\/muuseumioo_2026-1024x416.png\"},{\"@type\":\"BreadcrumbList\",\"@id\":\"https:\/\/muuseumioo.muuseum.ee\/en\/#breadcrumb\",\"itemListElement\":[{\"@type\":\"ListItem\",\"position\":1,\"name\":\"Home\",\"item\":\"https:\/\/muuseumioo.muuseum.ee\/en\/\"},{\"@type\":\"ListItem\",\"position\":2,\"name\":\"Home\"}]},{\"@type\":\"WebSite\",\"@id\":\"https:\/\/muuseumioo.muuseum.ee\/#website\",\"url\":\"https:\/\/muuseumioo.muuseum.ee\/\",\"name\":\"Muuseumi\u00f6\u00f6\",\"description\":\"Muuseumi\u00f6\u00f6 16.05.2026\",\"publisher\":{\"@id\":\"https:\/\/muuseumioo.muuseum.ee\/#organization\"},\"potentialAction\":[{\"@type\":\"SearchAction\",\"target\":{\"@type\":\"EntryPoint\",\"urlTemplate\":\"https:\/\/muuseumioo.muuseum.ee\/?s={search_term_string}\"},\"query-input\":{\"@type\":\"PropertyValueSpecification\",\"valueRequired\":true,\"valueName\":\"search_term_string\"}}],\"inLanguage\":\"en-US\"},{\"@type\":\"Organization\",\"@id\":\"https:\/\/muuseumioo.muuseum.ee\/#organization\",\"name\":\"\u00d6\u00f6muuseum\",\"url\":\"https:\/\/muuseumioo.muuseum.ee\/\",\"logo\":{\"@type\":\"ImageObject\",\"inLanguage\":\"en-US\",\"@id\":\"https:\/\/muuseumioo.muuseum.ee\/#\/schema\/logo\/image\/\",\"url\":\"https:\/\/muuseumioo.muuseum.ee\/wp-content\/uploads\/2025\/02\/1920x1080_muuseumioo_2025_VALIK.jpg\",\"contentUrl\":\"https:\/\/muuseumioo.muuseum.ee\/wp-content\/uploads\/2025\/02\/1920x1080_muuseumioo_2025_VALIK.jpg\",\"width\":1920,\"height\":1080,\"caption\":\"\u00d6\u00f6muuseum\"},\"image\":{\"@id\":\"https:\/\/muuseumioo.muuseum.ee\/#\/schema\/logo\/image\/\"},\"sameAs\":[\"https:\/\/www.facebook.com\/Muuseumioo\"]}]}<\/script>\n<!-- \/ Yoast SEO plugin. -->","yoast_head_json":{"title":"Museum Night","description":"Once a year, on a Saturday evening in May, museums and other memory institutions open their doors to celebrate the European Museum Night.","robots":{"index":"index","follow":"follow","max-snippet":"max-snippet:-1","max-image-preview":"max-image-preview:large","max-video-preview":"max-video-preview:-1"},"canonical":"https:\/\/muuseumioo.muuseum.ee\/en\/","og_locale":"en_US","og_type":"article","og_title":"Museum Night","og_description":"Once a year, on a Saturday evening in May, museums and other memory institutions open their doors to celebrate the European Museum Night.","og_url":"https:\/\/muuseumioo.muuseum.ee\/en\/","og_site_name":"Muuseumi\u00f6\u00f6","article_publisher":"https:\/\/www.facebook.com\/Muuseumioo","article_modified_time":"2026-02-11T13:51:53+00:00","og_image":[{"width":1623,"height":660,"url":"https:\/\/muuseumioo.muuseum.ee\/wp-content\/uploads\/2026\/02\/muuseumioo_2026.png","type":"image\/png"}],"twitter_card":"summary_large_image","twitter_misc":{"Est. reading time":"1 minute"},"schema":{"@context":"https:\/\/schema.org","@graph":[{"@type":"WebPage","@id":"https:\/\/muuseumioo.muuseum.ee\/en\/","url":"https:\/\/muuseumioo.muuseum.ee\/en\/","name":"Museum Night","isPartOf":{"@id":"https:\/\/muuseumioo.muuseum.ee\/#website"},"primaryImageOfPage":{"@id":"https:\/\/muuseumioo.muuseum.ee\/en\/#primaryimage"},"image":{"@id":"https:\/\/muuseumioo.muuseum.ee\/en\/#primaryimage"},"thumbnailUrl":"https:\/\/muuseumioo.muuseum.ee\/wp-content\/uploads\/2026\/02\/muuseumioo_2026-1024x416.png","datePublished":"2024-01-16T08:05:46+00:00","dateModified":"2026-02-11T13:51:53+00:00","description":"Once a year, on a Saturday evening in May, museums and other memory institutions open their doors to celebrate the European Museum Night.","breadcrumb":{"@id":"https:\/\/muuseumioo.muuseum.ee\/en\/#breadcrumb"},"inLanguage":"en-US","potentialAction":[{"@type":"ReadAction","target":["https:\/\/muuseumioo.muuseum.ee\/en\/"]}]},{"@type":"ImageObject","inLanguage":"en-US","@id":"https:\/\/muuseumioo.muuseum.ee\/en\/#primaryimage","url":"https:\/\/muuseumioo.muuseum.ee\/wp-content\/uploads\/2026\/02\/muuseumioo_2026-1024x416.png","contentUrl":"https:\/\/muuseumioo.muuseum.ee\/wp-content\/uploads\/2026\/02\/muuseumioo_2026-1024x416.png"},{"@type":"BreadcrumbList","@id":"https:\/\/muuseumioo.muuseum.ee\/en\/#breadcrumb","itemListElement":[{"@type":"ListItem","position":1,"name":"Home","item":"https:\/\/muuseumioo.muuseum.ee\/en\/"},{"@type":"ListItem","position":2,"name":"Home"}]},{"@type":"WebSite","@id":"https:\/\/muuseumioo.muuseum.ee\/#website","url":"https:\/\/muuseumioo.muuseum.ee\/","name":"Muuseumi\u00f6\u00f6","description":"Muuseumi\u00f6\u00f6 16.05.2026","publisher":{"@id":"https:\/\/muuseumioo.muuseum.ee\/#organization"},"potentialAction":[{"@type":"SearchAction","target":{"@type":"EntryPoint","urlTemplate":"https:\/\/muuseumioo.muuseum.ee\/?s={search_term_string}"},"query-input":{"@type":"PropertyValueSpecification","valueRequired":true,"valueName":"search_term_string"}}],"inLanguage":"en-US"},{"@type":"Organization","@id":"https:\/\/muuseumioo.muuseum.ee\/#organization","name":"\u00d6\u00f6muuseum","url":"https:\/\/muuseumioo.muuseum.ee\/","logo":{"@type":"ImageObject","inLanguage":"en-US","@id":"https:\/\/muuseumioo.muuseum.ee\/#\/schema\/logo\/image\/","url":"https:\/\/muuseumioo.muuseum.ee\/wp-content\/uploads\/2025\/02\/1920x1080_muuseumioo_2025_VALIK.jpg","contentUrl":"https:\/\/muuseumioo.muuseum.ee\/wp-content\/uploads\/2025\/02\/1920x1080_muuseumioo_2025_VALIK.jpg","width":1920,"height":1080,"caption":"\u00d6\u00f6muuseum"},"image":{"@id":"https:\/\/muuseumioo.muuseum.ee\/#\/schema\/logo\/image\/"},"sameAs":["https:\/\/www.facebook.com\/Muuseumioo"]}]}},"_links":{"self":[{"href":"https:\/\/muuseumioo.muuseum.ee\/en\/wp-json\/wp\/v2\/pages\/561","targetHints":{"allow":["GET"]}}],"collection":[{"href":"https:\/\/muuseumioo.muuseum.ee\/en\/wp-json\/wp\/v2\/pages"}],"about":[{"href":"https:\/\/muuseumioo.muuseum.ee\/en\/wp-json\/wp\/v2\/types\/page"}],"author":[{"embeddable":true,"href":"https:\/\/muuseumioo.muuseum.ee\/en\/wp-json\/wp\/v2\/users\/1"}],"replies":[{"embeddable":true,"href":"https:\/\/muuseumioo.muuseum.ee\/en\/wp-json\/wp\/v2\/comments?post=561"}],"version-history":[{"count":4,"href":"https:\/\/muuseumioo.muuseum.ee\/en\/wp-json\/wp\/v2\/pages\/561\/revisions"}],"predecessor-version":[{"id":13185,"href":"https:\/\/muuseumioo.muuseum.ee\/en\/wp-json\/wp\/v2\/pages\/561\/revisions\/13185"}],"wp:attachment":[{"href":"https:\/\/muuseumioo.muuseum.ee\/en\/wp-json\/wp\/v2\/media?parent=561"}],"curies":[{"name":"wp","href":"https:\/\/api.w.org\/{rel}","templated":true}]}}